{"id":4854,"date":"2025-08-13T10:52:26","date_gmt":"2025-08-13T09:52:26","guid":{"rendered":"https:\/\/evolutionholistique.com\/?post_type=product&#038;p=4854"},"modified":"2025-11-22T10:37:23","modified_gmt":"2025-11-22T09:37:23","slug":"voyage-initiatique-au-coeur-du-desert-maroc%ef%bd%9cavril-2026","status":"publish","type":"product","link":"https:\/\/evolutionholistique.com\/en\/product\/voyage-initiatique-au-coeur-du-desert-maroc%ef%bd%9cavril-2026","title":{"rendered":"Acompte Voyage Initiatique au C\u0153ur du D\u00e9sert \u2022 Maroc\uff5cavril 2026"},"content":{"rendered":"<p>Voir la brochure pour les conditions tarifaires d\u00e9taill\u00e9es.<\/p>","protected":false},"excerpt":{"rendered":"<p>Avec Sharl et Shadie du 10 au 20 avril 2026<\/p>\n<p>Prix du voyage<br \/>\n\u2022 1970 euros en chambre double (dont 394 \u20ac d&rsquo;acompte)<br \/>\n\u2022 2170 euros en chambre individuelle (dont 434 \u20ac d&rsquo;acompte)<\/p>\n<p>20% d&rsquo;acompte \u00e0 la r\u00e9servation, ce qui correspond \u00e0 394 euros (chambre double) et 434 euros (chambre individuelle).<\/p>\n<p>Le restant d\u00fb devra \u00eatre sold\u00e9 au plus tard le 01 mars 2026.<\/p>","protected":false},"featured_media":4576,"comment_status":"open","ping_status":"closed","template":"","meta":{"inline_featured_image":false},"product_brand":[],"product_cat":[28],"product_tag":[],"class_list":{"0":"post-4854","1":"product","2":"type-product","3":"status-publish","4":"has-post-thumbnail","6":"product_cat-voyages","8":"first","9":"instock","10":"shipping-taxable","11":"purchasable","12":"product-type-variable"},"jetpack_sharing_enabled":true,"_links":{"self":[{"href":"https:\/\/evolutionholistique.com\/en\/wp-json\/wp\/v2\/product\/4854","targetHints":{"allow":["GET"]}}],"collection":[{"href":"https:\/\/evolutionholistique.com\/en\/wp-json\/wp\/v2\/product"}],"about":[{"href":"https:\/\/evolutionholistique.com\/en\/wp-json\/wp\/v2\/types\/product"}],"replies":[{"embeddable":true,"href":"https:\/\/evolutionholistique.com\/en\/wp-json\/wp\/v2\/comments?post=4854"}],"wp:featuredmedia":[{"embeddable":true,"href":"https:\/\/evolutionholistique.com\/en\/wp-json\/wp\/v2\/media\/4576"}],"wp:attachment":[{"href":"https:\/\/evolutionholistique.com\/en\/wp-json\/wp\/v2\/media?parent=4854"}],"wp:term":[{"taxonomy":"product_brand","embeddable":true,"href":"https:\/\/evolutionholistique.com\/en\/wp-json\/wp\/v2\/product_brand?post=4854"},{"taxonomy":"product_cat","embeddable":true,"href":"https:\/\/evolutionholistique.com\/en\/wp-json\/wp\/v2\/product_cat?post=4854"},{"taxonomy":"product_tag","embeddable":true,"href":"https:\/\/evolutionholistique.com\/en\/wp-json\/wp\/v2\/product_tag?post=4854"}],"curies":[{"name":"wp","href":"https:\/\/api.w.org\/{rel}","templated":true}]}}